{"id":55,"date":"2023-03-21T09:38:11","date_gmt":"2023-03-21T09:38:11","guid":{"rendered":"https:\/\/colsman2026.dgwip.de\/?page_id=55"},"modified":"2026-03-06T10:04:55","modified_gmt":"2026-03-06T10:04:55","slug":"stanzen-und-schneiden","status":"publish","type":"page","link":"https:\/\/colsman2026.dgwip.de\/en\/kompetenzen\/stanzen-und-schneiden\/","title":{"rendered":"Punching and cutting"},"content":{"rendered":"","protected":false},"excerpt":{"rendered":"","protected":false},"author":1,"featured_media":0,"parent":295,"menu_order":10,"comment_status":"closed","ping_status":"closed","template":"","meta":{"_acf_changed":false,"_seopress_robots_primary_cat":"","_seopress_titles_title":"Colsman \u2014 Pr\u00e4zises Stanzen & Schneiden f\u00fcr perfekte Formen","_seopress_titles_desc":"Mit modernster Technik stanzt und schneidet Colsman Metalle in h\u00f6chster Pr\u00e4zision. Ma\u00dfgeschneiderte L\u00f6sungen f\u00fcr komplexe Geometrien und anspruchsvolle Anwendungen.","_seopress_robots_index":"","footnotes":""},"class_list":["post-55","page","type-page","status-publish","hentry"],"acf":[],"_links":{"self":[{"href":"https:\/\/colsman2026.dgwip.de\/en\/wp-json\/wp\/v2\/pages\/55","targetHints":{"allow":["GET"]}}],"collection":[{"href":"https:\/\/colsman2026.dgwip.de\/en\/wp-json\/wp\/v2\/pages"}],"about":[{"href":"https:\/\/colsman2026.dgwip.de\/en\/wp-json\/wp\/v2\/types\/page"}],"author":[{"embeddable":true,"href":"https:\/\/colsman2026.dgwip.de\/en\/wp-json\/wp\/v2\/users\/1"}],"replies":[{"embeddable":true,"href":"https:\/\/colsman2026.dgwip.de\/en\/wp-json\/wp\/v2\/comments?post=55"}],"version-history":[{"count":1,"href":"https:\/\/colsman2026.dgwip.de\/en\/wp-json\/wp\/v2\/pages\/55\/revisions"}],"predecessor-version":[{"id":303,"href":"https:\/\/colsman2026.dgwip.de\/en\/wp-json\/wp\/v2\/pages\/55\/revisions\/303"}],"up":[{"embeddable":true,"href":"https:\/\/colsman2026.dgwip.de\/en\/wp-json\/wp\/v2\/pages\/295"}],"wp:attachment":[{"href":"https:\/\/colsman2026.dgwip.de\/en\/wp-json\/wp\/v2\/media?parent=55"}],"curies":[{"name":"wp","href":"https:\/\/api.w.org\/{rel}","templated":true}]}}